{"id":2975,"date":"2026-04-21T22:47:36","date_gmt":"2026-04-21T22:47:36","guid":{"rendered":"https:\/\/www.xn--12cai6emh0deccu8gc7djb4j5l.com\/?page_id=2975"},"modified":"2026-04-21T22:47:36","modified_gmt":"2026-04-21T22:47:36","slug":"zazijte-vzruseni-online-hazardu-s-rabona-kde-na-vas-cekaji-stedre-uvitaci-bonusy-az-po-cashback-a-prubezne-promoakce-vse-zamerene-na-zlepseni-vaseho-herniho-zazitku","status":"publish","type":"page","link":"https:\/\/www.xn--12cai6emh0deccu8gc7djb4j5l.com\/?page_id=2975","title":{"rendered":"<div style=\"position: absolute; left: -7566px;\"><p>Za\u017eijte vzru\u0161en\u00ed online hazardu s <a href=\"https:\/\/rabonacasino.cz\/\">Rabona<\/a>, kde na v\u00e1s \u010dekaj\u00ed \u0161t\u011bdr\u00e9 uv\u00edtac\u00ed bonusy a\u017e po cashback a pr\u016fb\u011b\u017en\u00e9 promoakce, v\u0161e zam\u011b\u0159en\u00e9 na zlep\u0161en\u00ed va\u0161eho hern\u00edho z\u00e1\u017eitku.<\/p><\/div>"},"content":{"rendered":"","protected":false},"excerpt":{"rendered":"","protected":false},"author":1,"featured_media":0,"parent":0,"menu_order":0,"comment_status":"closed","ping_status":"closed","template":"","meta":{"footnotes":""},"class_list":["post-2975","page","type-page","status-publish","hentry"],"yoast_head":"<!-- This site is optimized with the Yoast SEO plugin v24.5 - https:\/\/yoast.com\/wordpress\/plugins\/seo\/ -->\n<title>Za\u017eijte vzru\u0161en\u00ed online hazardu s Rabona, kde na v\u00e1s \u010dekaj\u00ed \u0161t\u011bdr\u00e9 uv\u00edtac\u00ed bonusy a\u017e po cashback a pr\u016fb\u011b\u017en\u00e9 promoakce, v\u0161e zam\u011b\u0159en\u00e9 na zlep\u0161en\u00ed va\u0161eho hern\u00edho z\u00e1\u017eitku. - \u0e23\u0e49\u0e32\u0e19\u0e17\u0e33\u0e01\u0e23\u0e2d\u0e1a\u0e25\u0e2d\u0e22\u0e23\u0e32\u0e04\u0e32\u0e16\u0e39\u0e01 \u0e23\u0e31\u0e1a\u0e2d\u0e31\u0e14\u0e20\u0e32\u0e1e \u0e1e\u0e23\u0e49\u0e2d\u0e21\u0e17\u0e33\u0e01\u0e23\u0e2d\u0e1a\u0e25\u0e2d\u0e22\u0e40\u0e04\u0e25\u0e37\u0e2d\u0e1a\u0e25\u0e32\u0e21\u0e34\u0e40\u0e19\u0e15 \u0e01\u0e23\u0e2d\u0e1a\u0e25\u0e2d\u0e22\u0e1c\u0e49\u0e32\u0e41\u0e04\u0e19\u0e27\u0e32\u0e2a \u0e01\u0e23\u0e2d\u0e1a\u0e25\u0e2d\u0e22\u0e23\u0e32\u0e04\u0e32\u0e16\u0e39\u0e01 \u0e01\u0e23\u0e2d\u0e1a\u0e23\u0e39\u0e1b\u0e41\u0e15\u0e48\u0e07\u0e07\u0e32\u0e19 \u0e01\u0e23\u0e2d\u0e1a\u0e25\u0e2d\u0e22\u0e02\u0e2d\u0e07\u0e02\u0e27\u0e31\u0e0d \u0e2a\u0e48\u0e07\u0e17\u0e31\u0e48\u0e27\u0e1b\u0e23\u0e30\u0e40\u0e17\u0e28<\/title>\n<meta name=\"robots\" content=\"index, follow, max-snippet:-1, max-image-preview:large, max-video-preview:-1\" \/>\n<link rel=\"canonical\" href=\"https:\/\/www.xn--12cai6emh0deccu8gc7djb4j5l.com\/?page_id=2975\" \/>\n<meta property=\"og:locale\" content=\"th_TH\" \/>\n<meta property=\"og:type\" content=\"article\" \/>\n<meta property=\"og:title\" content=\"Za\u017eijte vzru\u0161en\u00ed online hazardu s Rabona, kde na v\u00e1s \u010dekaj\u00ed \u0161t\u011bdr\u00e9 uv\u00edtac\u00ed bonusy a\u017e po cashback a pr\u016fb\u011b\u017en\u00e9 promoakce, v\u0161e zam\u011b\u0159en\u00e9 na zlep\u0161en\u00ed va\u0161eho hern\u00edho z\u00e1\u017eitku. - \u0e23\u0e49\u0e32\u0e19\u0e17\u0e33\u0e01\u0e23\u0e2d\u0e1a\u0e25\u0e2d\u0e22\u0e23\u0e32\u0e04\u0e32\u0e16\u0e39\u0e01 \u0e23\u0e31\u0e1a\u0e2d\u0e31\u0e14\u0e20\u0e32\u0e1e \u0e1e\u0e23\u0e49\u0e2d\u0e21\u0e17\u0e33\u0e01\u0e23\u0e2d\u0e1a\u0e25\u0e2d\u0e22\u0e40\u0e04\u0e25\u0e37\u0e2d\u0e1a\u0e25\u0e32\u0e21\u0e34\u0e40\u0e19\u0e15 \u0e01\u0e23\u0e2d\u0e1a\u0e25\u0e2d\u0e22\u0e1c\u0e49\u0e32\u0e41\u0e04\u0e19\u0e27\u0e32\u0e2a \u0e01\u0e23\u0e2d\u0e1a\u0e25\u0e2d\u0e22\u0e23\u0e32\u0e04\u0e32\u0e16\u0e39\u0e01 \u0e01\u0e23\u0e2d\u0e1a\u0e23\u0e39\u0e1b\u0e41\u0e15\u0e48\u0e07\u0e07\u0e32\u0e19 \u0e01\u0e23\u0e2d\u0e1a\u0e25\u0e2d\u0e22\u0e02\u0e2d\u0e07\u0e02\u0e27\u0e31\u0e0d \u0e2a\u0e48\u0e07\u0e17\u0e31\u0e48\u0e27\u0e1b\u0e23\u0e30\u0e40\u0e17\u0e28\" \/>\n<meta property=\"og:url\" content=\"https:\/\/www.xn--12cai6emh0deccu8gc7djb4j5l.com\/?page_id=2975\" \/>\n<meta property=\"og:site_name\" content=\"\u0e23\u0e49\u0e32\u0e19\u0e17\u0e33\u0e01\u0e23\u0e2d\u0e1a\u0e25\u0e2d\u0e22\u0e23\u0e32\u0e04\u0e32\u0e16\u0e39\u0e01 \u0e23\u0e31\u0e1a\u0e2d\u0e31\u0e14\u0e20\u0e32\u0e1e \u0e1e\u0e23\u0e49\u0e2d\u0e21\u0e17\u0e33\u0e01\u0e23\u0e2d\u0e1a\u0e25\u0e2d\u0e22\u0e40\u0e04\u0e25\u0e37\u0e2d\u0e1a\u0e25\u0e32\u0e21\u0e34\u0e40\u0e19\u0e15 \u0e01\u0e23\u0e2d\u0e1a\u0e25\u0e2d\u0e22\u0e1c\u0e49\u0e32\u0e41\u0e04\u0e19\u0e27\u0e32\u0e2a \u0e01\u0e23\u0e2d\u0e1a\u0e25\u0e2d\u0e22\u0e23\u0e32\u0e04\u0e32\u0e16\u0e39\u0e01 \u0e01\u0e23\u0e2d\u0e1a\u0e23\u0e39\u0e1b\u0e41\u0e15\u0e48\u0e07\u0e07\u0e32\u0e19 \u0e01\u0e23\u0e2d\u0e1a\u0e25\u0e2d\u0e22\u0e02\u0e2d\u0e07\u0e02\u0e27\u0e31\u0e0d \u0e2a\u0e48\u0e07\u0e17\u0e31\u0e48\u0e27\u0e1b\u0e23\u0e30\u0e40\u0e17\u0e28\" \/>\n<meta name=\"twitter:card\" content=\"summary_large_image\" \/>\n<script type=\"application\/ld+json\" class=\"yoast-schema-graph\">{\"@context\":\"https:\/\/schema.org\",\"@graph\":[{\"@type\":\"WebPage\",\"@id\":\"https:\/\/www.xn--12cai6emh0deccu8gc7djb4j5l.com\/?page_id=2975\",\"url\":\"https:\/\/www.xn--12cai6emh0deccu8gc7djb4j5l.com\/?page_id=2975\",\"name\":\"Za\u017eijte vzru\u0161en\u00ed online hazardu s Rabona, kde na v\u00e1s \u010dekaj\u00ed \u0161t\u011bdr\u00e9 uv\u00edtac\u00ed bonusy a\u017e po cashback a pr\u016fb\u011b\u017en\u00e9 promoakce, v\u0161e zam\u011b\u0159en\u00e9 na zlep\u0161en\u00ed va\u0161eho hern\u00edho z\u00e1\u017eitku. - \u0e23\u0e49\u0e32\u0e19\u0e17\u0e33\u0e01\u0e23\u0e2d\u0e1a\u0e25\u0e2d\u0e22\u0e23\u0e32\u0e04\u0e32\u0e16\u0e39\u0e01 \u0e23\u0e31\u0e1a\u0e2d\u0e31\u0e14\u0e20\u0e32\u0e1e \u0e1e\u0e23\u0e49\u0e2d\u0e21\u0e17\u0e33\u0e01\u0e23\u0e2d\u0e1a\u0e25\u0e2d\u0e22\u0e40\u0e04\u0e25\u0e37\u0e2d\u0e1a\u0e25\u0e32\u0e21\u0e34\u0e40\u0e19\u0e15 \u0e01\u0e23\u0e2d\u0e1a\u0e25\u0e2d\u0e22\u0e1c\u0e49\u0e32\u0e41\u0e04\u0e19\u0e27\u0e32\u0e2a \u0e01\u0e23\u0e2d\u0e1a\u0e25\u0e2d\u0e22\u0e23\u0e32\u0e04\u0e32\u0e16\u0e39\u0e01 \u0e01\u0e23\u0e2d\u0e1a\u0e23\u0e39\u0e1b\u0e41\u0e15\u0e48\u0e07\u0e07\u0e32\u0e19 \u0e01\u0e23\u0e2d\u0e1a\u0e25\u0e2d\u0e22\u0e02\u0e2d\u0e07\u0e02\u0e27\u0e31\u0e0d \u0e2a\u0e48\u0e07\u0e17\u0e31\u0e48\u0e27\u0e1b\u0e23\u0e30\u0e40\u0e17\u0e28\",\"isPartOf\":{\"@id\":\"https:\/\/www.xn--12cai6emh0deccu8gc7djb4j5l.com\/#website\"},\"datePublished\":\"2026-04-21T22:47:36+00:00\",\"breadcrumb\":{\"@id\":\"https:\/\/www.xn--12cai6emh0deccu8gc7djb4j5l.com\/?page_id=2975#breadcrumb\"},\"inLanguage\":\"th\",\"potentialAction\":[{\"@type\":\"ReadAction\",\"target\":[\"https:\/\/www.xn--12cai6emh0deccu8gc7djb4j5l.com\/?page_id=2975\"]}]},{\"@type\":\"BreadcrumbList\",\"@id\":\"https:\/\/www.xn--12cai6emh0deccu8gc7djb4j5l.com\/?page_id=2975#breadcrumb\",\"itemListElement\":[{\"@type\":\"ListItem\",\"position\":1,\"name\":\"Home\",\"item\":\"https:\/\/www.xn--12cai6emh0deccu8gc7djb4j5l.com\/\"},{\"@type\":\"ListItem\",\"position\":2,\"name\":\"Za\u017eijte vzru\u0161en\u00ed online hazardu s Rabona, kde na v\u00e1s \u010dekaj\u00ed \u0161t\u011bdr\u00e9 uv\u00edtac\u00ed bonusy a\u017e po cashback a pr\u016fb\u011b\u017en\u00e9 promoakce, v\u0161e zam\u011b\u0159en\u00e9 na zlep\u0161en\u00ed va\u0161eho hern\u00edho z\u00e1\u017eitku.\"}]},{\"@type\":\"WebSite\",\"@id\":\"https:\/\/www.xn--12cai6emh0deccu8gc7djb4j5l.com\/#website\",\"url\":\"https:\/\/www.xn--12cai6emh0deccu8gc7djb4j5l.com\/\",\"name\":\"\u0e23\u0e49\u0e32\u0e19\u0e17\u0e33\u0e01\u0e23\u0e2d\u0e1a\u0e25\u0e2d\u0e22\u0e23\u0e32\u0e04\u0e32\u0e16\u0e39\u0e01 \u0e23\u0e31\u0e1a\u0e2d\u0e31\u0e14\u0e20\u0e32\u0e1e \u0e1e\u0e23\u0e49\u0e2d\u0e21\u0e17\u0e33\u0e01\u0e23\u0e2d\u0e1a\u0e25\u0e2d\u0e22\u0e40\u0e04\u0e25\u0e37\u0e2d\u0e1a\u0e25\u0e32\u0e21\u0e34\u0e40\u0e19\u0e15 \u0e01\u0e23\u0e2d\u0e1a\u0e25\u0e2d\u0e22\u0e1c\u0e49\u0e32\u0e41\u0e04\u0e19\u0e27\u0e32\u0e2a \u0e01\u0e23\u0e2d\u0e1a\u0e25\u0e2d\u0e22\u0e23\u0e32\u0e04\u0e32\u0e16\u0e39\u0e01 \u0e01\u0e23\u0e2d\u0e1a\u0e23\u0e39\u0e1b\u0e41\u0e15\u0e48\u0e07\u0e07\u0e32\u0e19 \u0e01\u0e23\u0e2d\u0e1a\u0e25\u0e2d\u0e22\u0e02\u0e2d\u0e07\u0e02\u0e27\u0e31\u0e0d \u0e2a\u0e48\u0e07\u0e17\u0e31\u0e48\u0e27\u0e1b\u0e23\u0e30\u0e40\u0e17\u0e28\",\"description\":\"\u0e23\u0e49\u0e32\u0e19\u0e17\u0e33\u0e01\u0e23\u0e2d\u0e1a\u0e25\u0e2d\u0e22\u0e23\u0e32\u0e04\u0e32\u0e16\u0e39\u0e01\u0e40\u0e0a\u0e35\u0e22\u0e07\u0e43\u0e2b\u0e21\u0e48  \u0e1a\u0e23\u0e34\u0e01\u0e32\u0e23\u0e2d\u0e31\u0e14\u0e20\u0e32\u0e1e\u0e17\u0e33\u0e01\u0e23\u0e2d\u0e1a\u0e25\u0e2d\u0e22 \u0e01\u0e23\u0e2d\u0e1a\u0e23\u0e39\u0e1b\u0e1c\u0e49\u0e32\u0e41\u0e04\u0e19\u0e27\u0e32\u0e2a \u0e1e\u0e34\u0e21\u0e1e\u0e4c\u0e41\u0e04\u0e19\u0e27\u0e32\u0e2a \u0e1e\u0e23\u0e49\u0e2d\u0e21\u0e2d\u0e31\u0e14\u0e20\u0e32\u0e1e \u0e17\u0e33\u0e01\u0e23\u0e2d\u0e1a\u0e23\u0e39\u0e1b \u0e41\u0e15\u0e48\u0e07\u0e07\u0e32\u0e19 \u0e02\u0e2d\u0e07\u0e02\u0e27\u0e31\u0e0d \u0e23\u0e31\u0e1a\u0e1b\u0e23\u0e34\u0e0d\u0e0d\u0e32 \u0e27\u0e31\u0e19\u0e40\u0e01\u0e34\u0e14 \u0e43\u0e2b\u0e49\u0e41\u0e1f\u0e19 \u0e27\u0e32\u0e40\u0e25\u0e19\u0e44\u0e17\u0e19\u0e4c \u0e1b\u0e35\u0e43\u0e2b\u0e21\u0e48 \u0e1e\u0e23\u0e49\u0e2d\u0e21\u0e2a\u0e48\u0e07\u0e17\u0e31\u0e48\u0e27\u0e1b\u0e23\u0e30\u0e40\u0e17\u0e28\",\"potentialAction\":[{\"@type\":\"SearchAction\",\"target\":{\"@type\":\"EntryPoint\",\"urlTemplate\":\"https:\/\/www.xn--12cai6emh0deccu8gc7djb4j5l.com\/?s={search_term_string}\"},\"query-input\":{\"@type\":\"PropertyValueSpecification\",\"valueRequired\":true,\"valueName\":\"search_term_string\"}}],\"inLanguage\":\"th\"}]}<\/script>\n<!-- \/ Yoast SEO plugin. -->","yoast_head_json":{"title":"Za\u017eijte vzru\u0161en\u00ed online hazardu s Rabona, kde na v\u00e1s \u010dekaj\u00ed \u0161t\u011bdr\u00e9 uv\u00edtac\u00ed bonusy a\u017e po cashback a pr\u016fb\u011b\u017en\u00e9 promoakce, v\u0161e zam\u011b\u0159en\u00e9 na zlep\u0161en\u00ed va\u0161eho hern\u00edho z\u00e1\u017eitku. - \u0e23\u0e49\u0e32\u0e19\u0e17\u0e33\u0e01\u0e23\u0e2d\u0e1a\u0e25\u0e2d\u0e22\u0e23\u0e32\u0e04\u0e32\u0e16\u0e39\u0e01 \u0e23\u0e31\u0e1a\u0e2d\u0e31\u0e14\u0e20\u0e32\u0e1e \u0e1e\u0e23\u0e49\u0e2d\u0e21\u0e17\u0e33\u0e01\u0e23\u0e2d\u0e1a\u0e25\u0e2d\u0e22\u0e40\u0e04\u0e25\u0e37\u0e2d\u0e1a\u0e25\u0e32\u0e21\u0e34\u0e40\u0e19\u0e15 \u0e01\u0e23\u0e2d\u0e1a\u0e25\u0e2d\u0e22\u0e1c\u0e49\u0e32\u0e41\u0e04\u0e19\u0e27\u0e32\u0e2a \u0e01\u0e23\u0e2d\u0e1a\u0e25\u0e2d\u0e22\u0e23\u0e32\u0e04\u0e32\u0e16\u0e39\u0e01 \u0e01\u0e23\u0e2d\u0e1a\u0e23\u0e39\u0e1b\u0e41\u0e15\u0e48\u0e07\u0e07\u0e32\u0e19 \u0e01\u0e23\u0e2d\u0e1a\u0e25\u0e2d\u0e22\u0e02\u0e2d\u0e07\u0e02\u0e27\u0e31\u0e0d \u0e2a\u0e48\u0e07\u0e17\u0e31\u0e48\u0e27\u0e1b\u0e23\u0e30\u0e40\u0e17\u0e28","robots":{"index":"index","follow":"follow","max-snippet":"max-snippet:-1","max-image-preview":"max-image-preview:large","max-video-preview":"max-video-preview:-1"},"canonical":"https:\/\/www.xn--12cai6emh0deccu8gc7djb4j5l.com\/?page_id=2975","og_locale":"th_TH","og_type":"article","og_title":"Za\u017eijte vzru\u0161en\u00ed online hazardu s Rabona, kde na v\u00e1s \u010dekaj\u00ed \u0161t\u011bdr\u00e9 uv\u00edtac\u00ed bonusy a\u017e po cashback a pr\u016fb\u011b\u017en\u00e9 promoakce, v\u0161e zam\u011b\u0159en\u00e9 na zlep\u0161en\u00ed va\u0161eho hern\u00edho z\u00e1\u017eitku. - \u0e23\u0e49\u0e32\u0e19\u0e17\u0e33\u0e01\u0e23\u0e2d\u0e1a\u0e25\u0e2d\u0e22\u0e23\u0e32\u0e04\u0e32\u0e16\u0e39\u0e01 \u0e23\u0e31\u0e1a\u0e2d\u0e31\u0e14\u0e20\u0e32\u0e1e \u0e1e\u0e23\u0e49\u0e2d\u0e21\u0e17\u0e33\u0e01\u0e23\u0e2d\u0e1a\u0e25\u0e2d\u0e22\u0e40\u0e04\u0e25\u0e37\u0e2d\u0e1a\u0e25\u0e32\u0e21\u0e34\u0e40\u0e19\u0e15 \u0e01\u0e23\u0e2d\u0e1a\u0e25\u0e2d\u0e22\u0e1c\u0e49\u0e32\u0e41\u0e04\u0e19\u0e27\u0e32\u0e2a \u0e01\u0e23\u0e2d\u0e1a\u0e25\u0e2d\u0e22\u0e23\u0e32\u0e04\u0e32\u0e16\u0e39\u0e01 \u0e01\u0e23\u0e2d\u0e1a\u0e23\u0e39\u0e1b\u0e41\u0e15\u0e48\u0e07\u0e07\u0e32\u0e19 \u0e01\u0e23\u0e2d\u0e1a\u0e25\u0e2d\u0e22\u0e02\u0e2d\u0e07\u0e02\u0e27\u0e31\u0e0d \u0e2a\u0e48\u0e07\u0e17\u0e31\u0e48\u0e27\u0e1b\u0e23\u0e30\u0e40\u0e17\u0e28","og_url":"https:\/\/www.xn--12cai6emh0deccu8gc7djb4j5l.com\/?page_id=2975","og_site_name":"\u0e23\u0e49\u0e32\u0e19\u0e17\u0e33\u0e01\u0e23\u0e2d\u0e1a\u0e25\u0e2d\u0e22\u0e23\u0e32\u0e04\u0e32\u0e16\u0e39\u0e01 \u0e23\u0e31\u0e1a\u0e2d\u0e31\u0e14\u0e20\u0e32\u0e1e \u0e1e\u0e23\u0e49\u0e2d\u0e21\u0e17\u0e33\u0e01\u0e23\u0e2d\u0e1a\u0e25\u0e2d\u0e22\u0e40\u0e04\u0e25\u0e37\u0e2d\u0e1a\u0e25\u0e32\u0e21\u0e34\u0e40\u0e19\u0e15 \u0e01\u0e23\u0e2d\u0e1a\u0e25\u0e2d\u0e22\u0e1c\u0e49\u0e32\u0e41\u0e04\u0e19\u0e27\u0e32\u0e2a \u0e01\u0e23\u0e2d\u0e1a\u0e25\u0e2d\u0e22\u0e23\u0e32\u0e04\u0e32\u0e16\u0e39\u0e01 \u0e01\u0e23\u0e2d\u0e1a\u0e23\u0e39\u0e1b\u0e41\u0e15\u0e48\u0e07\u0e07\u0e32\u0e19 \u0e01\u0e23\u0e2d\u0e1a\u0e25\u0e2d\u0e22\u0e02\u0e2d\u0e07\u0e02\u0e27\u0e31\u0e0d \u0e2a\u0e48\u0e07\u0e17\u0e31\u0e48\u0e27\u0e1b\u0e23\u0e30\u0e40\u0e17\u0e28","twitter_card":"summary_large_image","schema":{"@context":"https:\/\/schema.org","@graph":[{"@type":"WebPage","@id":"https:\/\/www.xn--12cai6emh0deccu8gc7djb4j5l.com\/?page_id=2975","url":"https:\/\/www.xn--12cai6emh0deccu8gc7djb4j5l.com\/?page_id=2975","name":"Za\u017eijte vzru\u0161en\u00ed online hazardu s Rabona, kde na v\u00e1s \u010dekaj\u00ed \u0161t\u011bdr\u00e9 uv\u00edtac\u00ed bonusy a\u017e po cashback a pr\u016fb\u011b\u017en\u00e9 promoakce, v\u0161e zam\u011b\u0159en\u00e9 na zlep\u0161en\u00ed va\u0161eho hern\u00edho z\u00e1\u017eitku. - \u0e23\u0e49\u0e32\u0e19\u0e17\u0e33\u0e01\u0e23\u0e2d\u0e1a\u0e25\u0e2d\u0e22\u0e23\u0e32\u0e04\u0e32\u0e16\u0e39\u0e01 \u0e23\u0e31\u0e1a\u0e2d\u0e31\u0e14\u0e20\u0e32\u0e1e \u0e1e\u0e23\u0e49\u0e2d\u0e21\u0e17\u0e33\u0e01\u0e23\u0e2d\u0e1a\u0e25\u0e2d\u0e22\u0e40\u0e04\u0e25\u0e37\u0e2d\u0e1a\u0e25\u0e32\u0e21\u0e34\u0e40\u0e19\u0e15 \u0e01\u0e23\u0e2d\u0e1a\u0e25\u0e2d\u0e22\u0e1c\u0e49\u0e32\u0e41\u0e04\u0e19\u0e27\u0e32\u0e2a \u0e01\u0e23\u0e2d\u0e1a\u0e25\u0e2d\u0e22\u0e23\u0e32\u0e04\u0e32\u0e16\u0e39\u0e01 \u0e01\u0e23\u0e2d\u0e1a\u0e23\u0e39\u0e1b\u0e41\u0e15\u0e48\u0e07\u0e07\u0e32\u0e19 \u0e01\u0e23\u0e2d\u0e1a\u0e25\u0e2d\u0e22\u0e02\u0e2d\u0e07\u0e02\u0e27\u0e31\u0e0d \u0e2a\u0e48\u0e07\u0e17\u0e31\u0e48\u0e27\u0e1b\u0e23\u0e30\u0e40\u0e17\u0e28","isPartOf":{"@id":"https:\/\/www.xn--12cai6emh0deccu8gc7djb4j5l.com\/#website"},"datePublished":"2026-04-21T22:47:36+00:00","breadcrumb":{"@id":"https:\/\/www.xn--12cai6emh0deccu8gc7djb4j5l.com\/?page_id=2975#breadcrumb"},"inLanguage":"th","potentialAction":[{"@type":"ReadAction","target":["https:\/\/www.xn--12cai6emh0deccu8gc7djb4j5l.com\/?page_id=2975"]}]},{"@type":"BreadcrumbList","@id":"https:\/\/www.xn--12cai6emh0deccu8gc7djb4j5l.com\/?page_id=2975#breadcrumb","itemListElement":[{"@type":"ListItem","position":1,"name":"Home","item":"https:\/\/www.xn--12cai6emh0deccu8gc7djb4j5l.com\/"},{"@type":"ListItem","position":2,"name":"Za\u017eijte vzru\u0161en\u00ed online hazardu s Rabona, kde na v\u00e1s \u010dekaj\u00ed \u0161t\u011bdr\u00e9 uv\u00edtac\u00ed bonusy a\u017e po cashback a pr\u016fb\u011b\u017en\u00e9 promoakce, v\u0161e zam\u011b\u0159en\u00e9 na zlep\u0161en\u00ed va\u0161eho hern\u00edho z\u00e1\u017eitku."}]},{"@type":"WebSite","@id":"https:\/\/www.xn--12cai6emh0deccu8gc7djb4j5l.com\/#website","url":"https:\/\/www.xn--12cai6emh0deccu8gc7djb4j5l.com\/","name":"\u0e23\u0e49\u0e32\u0e19\u0e17\u0e33\u0e01\u0e23\u0e2d\u0e1a\u0e25\u0e2d\u0e22\u0e23\u0e32\u0e04\u0e32\u0e16\u0e39\u0e01 \u0e23\u0e31\u0e1a\u0e2d\u0e31\u0e14\u0e20\u0e32\u0e1e \u0e1e\u0e23\u0e49\u0e2d\u0e21\u0e17\u0e33\u0e01\u0e23\u0e2d\u0e1a\u0e25\u0e2d\u0e22\u0e40\u0e04\u0e25\u0e37\u0e2d\u0e1a\u0e25\u0e32\u0e21\u0e34\u0e40\u0e19\u0e15 \u0e01\u0e23\u0e2d\u0e1a\u0e25\u0e2d\u0e22\u0e1c\u0e49\u0e32\u0e41\u0e04\u0e19\u0e27\u0e32\u0e2a \u0e01\u0e23\u0e2d\u0e1a\u0e25\u0e2d\u0e22\u0e23\u0e32\u0e04\u0e32\u0e16\u0e39\u0e01 \u0e01\u0e23\u0e2d\u0e1a\u0e23\u0e39\u0e1b\u0e41\u0e15\u0e48\u0e07\u0e07\u0e32\u0e19 \u0e01\u0e23\u0e2d\u0e1a\u0e25\u0e2d\u0e22\u0e02\u0e2d\u0e07\u0e02\u0e27\u0e31\u0e0d \u0e2a\u0e48\u0e07\u0e17\u0e31\u0e48\u0e27\u0e1b\u0e23\u0e30\u0e40\u0e17\u0e28","description":"\u0e23\u0e49\u0e32\u0e19\u0e17\u0e33\u0e01\u0e23\u0e2d\u0e1a\u0e25\u0e2d\u0e22\u0e23\u0e32\u0e04\u0e32\u0e16\u0e39\u0e01\u0e40\u0e0a\u0e35\u0e22\u0e07\u0e43\u0e2b\u0e21\u0e48  \u0e1a\u0e23\u0e34\u0e01\u0e32\u0e23\u0e2d\u0e31\u0e14\u0e20\u0e32\u0e1e\u0e17\u0e33\u0e01\u0e23\u0e2d\u0e1a\u0e25\u0e2d\u0e22 \u0e01\u0e23\u0e2d\u0e1a\u0e23\u0e39\u0e1b\u0e1c\u0e49\u0e32\u0e41\u0e04\u0e19\u0e27\u0e32\u0e2a \u0e1e\u0e34\u0e21\u0e1e\u0e4c\u0e41\u0e04\u0e19\u0e27\u0e32\u0e2a \u0e1e\u0e23\u0e49\u0e2d\u0e21\u0e2d\u0e31\u0e14\u0e20\u0e32\u0e1e \u0e17\u0e33\u0e01\u0e23\u0e2d\u0e1a\u0e23\u0e39\u0e1b \u0e41\u0e15\u0e48\u0e07\u0e07\u0e32\u0e19 \u0e02\u0e2d\u0e07\u0e02\u0e27\u0e31\u0e0d \u0e23\u0e31\u0e1a\u0e1b\u0e23\u0e34\u0e0d\u0e0d\u0e32 \u0e27\u0e31\u0e19\u0e40\u0e01\u0e34\u0e14 \u0e43\u0e2b\u0e49\u0e41\u0e1f\u0e19 \u0e27\u0e32\u0e40\u0e25\u0e19\u0e44\u0e17\u0e19\u0e4c \u0e1b\u0e35\u0e43\u0e2b\u0e21\u0e48 \u0e1e\u0e23\u0e49\u0e2d\u0e21\u0e2a\u0e48\u0e07\u0e17\u0e31\u0e48\u0e27\u0e1b\u0e23\u0e30\u0e40\u0e17\u0e28","potentialAction":[{"@type":"SearchAction","target":{"@type":"EntryPoint","urlTemplate":"https:\/\/www.xn--12cai6emh0deccu8gc7djb4j5l.com\/?s={search_term_string}"},"query-input":{"@type":"PropertyValueSpecification","valueRequired":true,"valueName":"search_term_string"}}],"inLanguage":"th"}]}},"_links":{"self":[{"href":"https:\/\/www.xn--12cai6emh0deccu8gc7djb4j5l.com\/index.php?rest_route=\/wp\/v2\/pages\/2975","targetHints":{"allow":["GET"]}}],"collection":[{"href":"https:\/\/www.xn--12cai6emh0deccu8gc7djb4j5l.com\/index.php?rest_route=\/wp\/v2\/pages"}],"about":[{"href":"https:\/\/www.xn--12cai6emh0deccu8gc7djb4j5l.com\/index.php?rest_route=\/wp\/v2\/types\/page"}],"author":[{"embeddable":true,"href":"https:\/\/www.xn--12cai6emh0deccu8gc7djb4j5l.com\/index.php?rest_route=\/wp\/v2\/users\/1"}],"replies":[{"embeddable":true,"href":"https:\/\/www.xn--12cai6emh0deccu8gc7djb4j5l.com\/index.php?rest_route=%2Fwp%2Fv2%2Fcomments&post=2975"}],"version-history":[{"count":1,"href":"https:\/\/www.xn--12cai6emh0deccu8gc7djb4j5l.com\/index.php?rest_route=\/wp\/v2\/pages\/2975\/revisions"}],"predecessor-version":[{"id":2977,"href":"https:\/\/www.xn--12cai6emh0deccu8gc7djb4j5l.com\/index.php?rest_route=\/wp\/v2\/pages\/2975\/revisions\/2977"}],"wp:attachment":[{"href":"https:\/\/www.xn--12cai6emh0deccu8gc7djb4j5l.com\/index.php?rest_route=%2Fwp%2Fv2%2Fmedia&parent=2975"}],"curies":[{"name":"wp","href":"https:\/\/api.w.org\/{rel}","templated":true}]}}