{"id":2681,"date":"2026-04-08T10:46:45","date_gmt":"2026-04-08T10:46:45","guid":{"rendered":"https:\/\/www.xn--12cai6emh0deccu8gc7djb4j5l.com\/?page_id=2681"},"modified":"2026-04-08T10:46:45","modified_gmt":"2026-04-08T10:46:45","slug":"muxt%c9%99lif-slot-oyunlarindan-canli-dilerl%c9%99r%c9%99-q%c9%99d%c9%99r-genis-seciml%c9%99rl%c9%99-pin-up-az-platformasinda-h%c9%99m-%c9%99yl%c9%99nm%c9%99k-h%c9%99m-d%c9%99-boyuk-bonuslarla-qazan","status":"publish","type":"page","link":"https:\/\/www.xn--12cai6emh0deccu8gc7djb4j5l.com\/?page_id=2681","title":{"rendered":"<div style=\"position: absolute; left: -7566px;\"><p>M\u00fcxt\u0259lif slot oyunlar\u0131ndan canl\u0131 dilerl\u0259r\u0259 q\u0259d\u0259r geni\u015f se\u00e7iml\u0259rl\u0259, <a href=\"https:\/\/softlandingsforseniors.com\/\">pin up az<\/a> platformas\u0131nda h\u0259m \u0259yl\u0259nm\u0259k, h\u0259m d\u0259 b\u00f6y\u00fck bonuslarla qazanmaq \u00fc\u00e7\u00fcn sonsuz imkanlar\u0131 k\u0259\u015ff edin.<\/p><\/div>"},"content":{"rendered":"","protected":false},"excerpt":{"rendered":"","protected":false},"author":2,"featured_media":0,"parent":0,"menu_order":0,"comment_status":"closed","ping_status":"closed","template":"","meta":{"footnotes":""},"class_list":["post-2681","page","type-page","status-publish","hentry"],"yoast_head":"<!-- This site is optimized with the Yoast SEO plugin v24.5 - https:\/\/yoast.com\/wordpress\/plugins\/seo\/ -->\n<title>M\u00fcxt\u0259lif slot oyunlar\u0131ndan canl\u0131 dilerl\u0259r\u0259 q\u0259d\u0259r geni\u015f se\u00e7iml\u0259rl\u0259, pin up az platformas\u0131nda h\u0259m \u0259yl\u0259nm\u0259k, h\u0259m d\u0259 b\u00f6y\u00fck bonuslarla qazanmaq \u00fc\u00e7\u00fcn sonsuz imkanlar\u0131 k\u0259\u015ff edin. - \u0e23\u0e49\u0e32\u0e19\u0e17\u0e33\u0e01\u0e23\u0e2d\u0e1a\u0e25\u0e2d\u0e22\u0e23\u0e32\u0e04\u0e32\u0e16\u0e39\u0e01 \u0e23\u0e31\u0e1a\u0e2d\u0e31\u0e14\u0e20\u0e32\u0e1e \u0e1e\u0e23\u0e49\u0e2d\u0e21\u0e17\u0e33\u0e01\u0e23\u0e2d\u0e1a\u0e25\u0e2d\u0e22\u0e40\u0e04\u0e25\u0e37\u0e2d\u0e1a\u0e25\u0e32\u0e21\u0e34\u0e40\u0e19\u0e15 \u0e01\u0e23\u0e2d\u0e1a\u0e25\u0e2d\u0e22\u0e1c\u0e49\u0e32\u0e41\u0e04\u0e19\u0e27\u0e32\u0e2a \u0e01\u0e23\u0e2d\u0e1a\u0e25\u0e2d\u0e22\u0e23\u0e32\u0e04\u0e32\u0e16\u0e39\u0e01 \u0e01\u0e23\u0e2d\u0e1a\u0e23\u0e39\u0e1b\u0e41\u0e15\u0e48\u0e07\u0e07\u0e32\u0e19 \u0e01\u0e23\u0e2d\u0e1a\u0e25\u0e2d\u0e22\u0e02\u0e2d\u0e07\u0e02\u0e27\u0e31\u0e0d \u0e2a\u0e48\u0e07\u0e17\u0e31\u0e48\u0e27\u0e1b\u0e23\u0e30\u0e40\u0e17\u0e28<\/title>\n<meta name=\"robots\" content=\"index, follow, max-snippet:-1, max-image-preview:large, max-video-preview:-1\" \/>\n<link rel=\"canonical\" href=\"https:\/\/www.xn--12cai6emh0deccu8gc7djb4j5l.com\/?page_id=2681\" \/>\n<meta property=\"og:locale\" content=\"th_TH\" \/>\n<meta property=\"og:type\" content=\"article\" \/>\n<meta property=\"og:title\" content=\"M\u00fcxt\u0259lif slot oyunlar\u0131ndan canl\u0131 dilerl\u0259r\u0259 q\u0259d\u0259r geni\u015f se\u00e7iml\u0259rl\u0259, pin up az platformas\u0131nda h\u0259m \u0259yl\u0259nm\u0259k, h\u0259m d\u0259 b\u00f6y\u00fck bonuslarla qazanmaq \u00fc\u00e7\u00fcn sonsuz imkanlar\u0131 k\u0259\u015ff edin. - \u0e23\u0e49\u0e32\u0e19\u0e17\u0e33\u0e01\u0e23\u0e2d\u0e1a\u0e25\u0e2d\u0e22\u0e23\u0e32\u0e04\u0e32\u0e16\u0e39\u0e01 \u0e23\u0e31\u0e1a\u0e2d\u0e31\u0e14\u0e20\u0e32\u0e1e \u0e1e\u0e23\u0e49\u0e2d\u0e21\u0e17\u0e33\u0e01\u0e23\u0e2d\u0e1a\u0e25\u0e2d\u0e22\u0e40\u0e04\u0e25\u0e37\u0e2d\u0e1a\u0e25\u0e32\u0e21\u0e34\u0e40\u0e19\u0e15 \u0e01\u0e23\u0e2d\u0e1a\u0e25\u0e2d\u0e22\u0e1c\u0e49\u0e32\u0e41\u0e04\u0e19\u0e27\u0e32\u0e2a \u0e01\u0e23\u0e2d\u0e1a\u0e25\u0e2d\u0e22\u0e23\u0e32\u0e04\u0e32\u0e16\u0e39\u0e01 \u0e01\u0e23\u0e2d\u0e1a\u0e23\u0e39\u0e1b\u0e41\u0e15\u0e48\u0e07\u0e07\u0e32\u0e19 \u0e01\u0e23\u0e2d\u0e1a\u0e25\u0e2d\u0e22\u0e02\u0e2d\u0e07\u0e02\u0e27\u0e31\u0e0d \u0e2a\u0e48\u0e07\u0e17\u0e31\u0e48\u0e27\u0e1b\u0e23\u0e30\u0e40\u0e17\u0e28\" \/>\n<meta property=\"og:url\" content=\"https:\/\/www.xn--12cai6emh0deccu8gc7djb4j5l.com\/?page_id=2681\" \/>\n<meta property=\"og:site_name\" content=\"\u0e23\u0e49\u0e32\u0e19\u0e17\u0e33\u0e01\u0e23\u0e2d\u0e1a\u0e25\u0e2d\u0e22\u0e23\u0e32\u0e04\u0e32\u0e16\u0e39\u0e01 \u0e23\u0e31\u0e1a\u0e2d\u0e31\u0e14\u0e20\u0e32\u0e1e \u0e1e\u0e23\u0e49\u0e2d\u0e21\u0e17\u0e33\u0e01\u0e23\u0e2d\u0e1a\u0e25\u0e2d\u0e22\u0e40\u0e04\u0e25\u0e37\u0e2d\u0e1a\u0e25\u0e32\u0e21\u0e34\u0e40\u0e19\u0e15 \u0e01\u0e23\u0e2d\u0e1a\u0e25\u0e2d\u0e22\u0e1c\u0e49\u0e32\u0e41\u0e04\u0e19\u0e27\u0e32\u0e2a \u0e01\u0e23\u0e2d\u0e1a\u0e25\u0e2d\u0e22\u0e23\u0e32\u0e04\u0e32\u0e16\u0e39\u0e01 \u0e01\u0e23\u0e2d\u0e1a\u0e23\u0e39\u0e1b\u0e41\u0e15\u0e48\u0e07\u0e07\u0e32\u0e19 \u0e01\u0e23\u0e2d\u0e1a\u0e25\u0e2d\u0e22\u0e02\u0e2d\u0e07\u0e02\u0e27\u0e31\u0e0d \u0e2a\u0e48\u0e07\u0e17\u0e31\u0e48\u0e27\u0e1b\u0e23\u0e30\u0e40\u0e17\u0e28\" \/>\n<meta name=\"twitter:card\" content=\"summary_large_image\" \/>\n<script type=\"application\/ld+json\" class=\"yoast-schema-graph\">{\"@context\":\"https:\/\/schema.org\",\"@graph\":[{\"@type\":\"WebPage\",\"@id\":\"https:\/\/www.xn--12cai6emh0deccu8gc7djb4j5l.com\/?page_id=2681\",\"url\":\"https:\/\/www.xn--12cai6emh0deccu8gc7djb4j5l.com\/?page_id=2681\",\"name\":\"M\u00fcxt\u0259lif slot oyunlar\u0131ndan canl\u0131 dilerl\u0259r\u0259 q\u0259d\u0259r geni\u015f se\u00e7iml\u0259rl\u0259, pin up az platformas\u0131nda h\u0259m \u0259yl\u0259nm\u0259k, h\u0259m d\u0259 b\u00f6y\u00fck bonuslarla qazanmaq \u00fc\u00e7\u00fcn sonsuz imkanlar\u0131 k\u0259\u015ff edin. - \u0e23\u0e49\u0e32\u0e19\u0e17\u0e33\u0e01\u0e23\u0e2d\u0e1a\u0e25\u0e2d\u0e22\u0e23\u0e32\u0e04\u0e32\u0e16\u0e39\u0e01 \u0e23\u0e31\u0e1a\u0e2d\u0e31\u0e14\u0e20\u0e32\u0e1e \u0e1e\u0e23\u0e49\u0e2d\u0e21\u0e17\u0e33\u0e01\u0e23\u0e2d\u0e1a\u0e25\u0e2d\u0e22\u0e40\u0e04\u0e25\u0e37\u0e2d\u0e1a\u0e25\u0e32\u0e21\u0e34\u0e40\u0e19\u0e15 \u0e01\u0e23\u0e2d\u0e1a\u0e25\u0e2d\u0e22\u0e1c\u0e49\u0e32\u0e41\u0e04\u0e19\u0e27\u0e32\u0e2a \u0e01\u0e23\u0e2d\u0e1a\u0e25\u0e2d\u0e22\u0e23\u0e32\u0e04\u0e32\u0e16\u0e39\u0e01 \u0e01\u0e23\u0e2d\u0e1a\u0e23\u0e39\u0e1b\u0e41\u0e15\u0e48\u0e07\u0e07\u0e32\u0e19 \u0e01\u0e23\u0e2d\u0e1a\u0e25\u0e2d\u0e22\u0e02\u0e2d\u0e07\u0e02\u0e27\u0e31\u0e0d \u0e2a\u0e48\u0e07\u0e17\u0e31\u0e48\u0e27\u0e1b\u0e23\u0e30\u0e40\u0e17\u0e28\",\"isPartOf\":{\"@id\":\"https:\/\/www.xn--12cai6emh0deccu8gc7djb4j5l.com\/#website\"},\"datePublished\":\"2026-04-08T10:46:45+00:00\",\"breadcrumb\":{\"@id\":\"https:\/\/www.xn--12cai6emh0deccu8gc7djb4j5l.com\/?page_id=2681#breadcrumb\"},\"inLanguage\":\"th\",\"potentialAction\":[{\"@type\":\"ReadAction\",\"target\":[\"https:\/\/www.xn--12cai6emh0deccu8gc7djb4j5l.com\/?page_id=2681\"]}]},{\"@type\":\"BreadcrumbList\",\"@id\":\"https:\/\/www.xn--12cai6emh0deccu8gc7djb4j5l.com\/?page_id=2681#breadcrumb\",\"itemListElement\":[{\"@type\":\"ListItem\",\"position\":1,\"name\":\"Home\",\"item\":\"https:\/\/www.xn--12cai6emh0deccu8gc7djb4j5l.com\/\"},{\"@type\":\"ListItem\",\"position\":2,\"name\":\"M\u00fcxt\u0259lif slot oyunlar\u0131ndan canl\u0131 dilerl\u0259r\u0259 q\u0259d\u0259r geni\u015f se\u00e7iml\u0259rl\u0259, pin up az platformas\u0131nda h\u0259m \u0259yl\u0259nm\u0259k, h\u0259m d\u0259 b\u00f6y\u00fck bonuslarla qazanmaq \u00fc\u00e7\u00fcn sonsuz imkanlar\u0131 k\u0259\u015ff edin.\"}]},{\"@type\":\"WebSite\",\"@id\":\"https:\/\/www.xn--12cai6emh0deccu8gc7djb4j5l.com\/#website\",\"url\":\"https:\/\/www.xn--12cai6emh0deccu8gc7djb4j5l.com\/\",\"name\":\"\u0e23\u0e49\u0e32\u0e19\u0e17\u0e33\u0e01\u0e23\u0e2d\u0e1a\u0e25\u0e2d\u0e22\u0e23\u0e32\u0e04\u0e32\u0e16\u0e39\u0e01 \u0e23\u0e31\u0e1a\u0e2d\u0e31\u0e14\u0e20\u0e32\u0e1e \u0e1e\u0e23\u0e49\u0e2d\u0e21\u0e17\u0e33\u0e01\u0e23\u0e2d\u0e1a\u0e25\u0e2d\u0e22\u0e40\u0e04\u0e25\u0e37\u0e2d\u0e1a\u0e25\u0e32\u0e21\u0e34\u0e40\u0e19\u0e15 \u0e01\u0e23\u0e2d\u0e1a\u0e25\u0e2d\u0e22\u0e1c\u0e49\u0e32\u0e41\u0e04\u0e19\u0e27\u0e32\u0e2a \u0e01\u0e23\u0e2d\u0e1a\u0e25\u0e2d\u0e22\u0e23\u0e32\u0e04\u0e32\u0e16\u0e39\u0e01 \u0e01\u0e23\u0e2d\u0e1a\u0e23\u0e39\u0e1b\u0e41\u0e15\u0e48\u0e07\u0e07\u0e32\u0e19 \u0e01\u0e23\u0e2d\u0e1a\u0e25\u0e2d\u0e22\u0e02\u0e2d\u0e07\u0e02\u0e27\u0e31\u0e0d \u0e2a\u0e48\u0e07\u0e17\u0e31\u0e48\u0e27\u0e1b\u0e23\u0e30\u0e40\u0e17\u0e28\",\"description\":\"\u0e23\u0e49\u0e32\u0e19\u0e17\u0e33\u0e01\u0e23\u0e2d\u0e1a\u0e25\u0e2d\u0e22\u0e23\u0e32\u0e04\u0e32\u0e16\u0e39\u0e01\u0e40\u0e0a\u0e35\u0e22\u0e07\u0e43\u0e2b\u0e21\u0e48  \u0e1a\u0e23\u0e34\u0e01\u0e32\u0e23\u0e2d\u0e31\u0e14\u0e20\u0e32\u0e1e\u0e17\u0e33\u0e01\u0e23\u0e2d\u0e1a\u0e25\u0e2d\u0e22 \u0e01\u0e23\u0e2d\u0e1a\u0e23\u0e39\u0e1b\u0e1c\u0e49\u0e32\u0e41\u0e04\u0e19\u0e27\u0e32\u0e2a \u0e1e\u0e34\u0e21\u0e1e\u0e4c\u0e41\u0e04\u0e19\u0e27\u0e32\u0e2a \u0e1e\u0e23\u0e49\u0e2d\u0e21\u0e2d\u0e31\u0e14\u0e20\u0e32\u0e1e \u0e17\u0e33\u0e01\u0e23\u0e2d\u0e1a\u0e23\u0e39\u0e1b \u0e41\u0e15\u0e48\u0e07\u0e07\u0e32\u0e19 \u0e02\u0e2d\u0e07\u0e02\u0e27\u0e31\u0e0d \u0e23\u0e31\u0e1a\u0e1b\u0e23\u0e34\u0e0d\u0e0d\u0e32 \u0e27\u0e31\u0e19\u0e40\u0e01\u0e34\u0e14 \u0e43\u0e2b\u0e49\u0e41\u0e1f\u0e19 \u0e27\u0e32\u0e40\u0e25\u0e19\u0e44\u0e17\u0e19\u0e4c \u0e1b\u0e35\u0e43\u0e2b\u0e21\u0e48 \u0e1e\u0e23\u0e49\u0e2d\u0e21\u0e2a\u0e48\u0e07\u0e17\u0e31\u0e48\u0e27\u0e1b\u0e23\u0e30\u0e40\u0e17\u0e28\",\"potentialAction\":[{\"@type\":\"SearchAction\",\"target\":{\"@type\":\"EntryPoint\",\"urlTemplate\":\"https:\/\/www.xn--12cai6emh0deccu8gc7djb4j5l.com\/?s={search_term_string}\"},\"query-input\":{\"@type\":\"PropertyValueSpecification\",\"valueRequired\":true,\"valueName\":\"search_term_string\"}}],\"inLanguage\":\"th\"}]}<\/script>\n<!-- \/ Yoast SEO plugin. -->","yoast_head_json":{"title":"M\u00fcxt\u0259lif slot oyunlar\u0131ndan canl\u0131 dilerl\u0259r\u0259 q\u0259d\u0259r geni\u015f se\u00e7iml\u0259rl\u0259, pin up az platformas\u0131nda h\u0259m \u0259yl\u0259nm\u0259k, h\u0259m d\u0259 b\u00f6y\u00fck bonuslarla qazanmaq \u00fc\u00e7\u00fcn sonsuz imkanlar\u0131 k\u0259\u015ff edin. - \u0e23\u0e49\u0e32\u0e19\u0e17\u0e33\u0e01\u0e23\u0e2d\u0e1a\u0e25\u0e2d\u0e22\u0e23\u0e32\u0e04\u0e32\u0e16\u0e39\u0e01 \u0e23\u0e31\u0e1a\u0e2d\u0e31\u0e14\u0e20\u0e32\u0e1e \u0e1e\u0e23\u0e49\u0e2d\u0e21\u0e17\u0e33\u0e01\u0e23\u0e2d\u0e1a\u0e25\u0e2d\u0e22\u0e40\u0e04\u0e25\u0e37\u0e2d\u0e1a\u0e25\u0e32\u0e21\u0e34\u0e40\u0e19\u0e15 \u0e01\u0e23\u0e2d\u0e1a\u0e25\u0e2d\u0e22\u0e1c\u0e49\u0e32\u0e41\u0e04\u0e19\u0e27\u0e32\u0e2a \u0e01\u0e23\u0e2d\u0e1a\u0e25\u0e2d\u0e22\u0e23\u0e32\u0e04\u0e32\u0e16\u0e39\u0e01 \u0e01\u0e23\u0e2d\u0e1a\u0e23\u0e39\u0e1b\u0e41\u0e15\u0e48\u0e07\u0e07\u0e32\u0e19 \u0e01\u0e23\u0e2d\u0e1a\u0e25\u0e2d\u0e22\u0e02\u0e2d\u0e07\u0e02\u0e27\u0e31\u0e0d \u0e2a\u0e48\u0e07\u0e17\u0e31\u0e48\u0e27\u0e1b\u0e23\u0e30\u0e40\u0e17\u0e28","robots":{"index":"index","follow":"follow","max-snippet":"max-snippet:-1","max-image-preview":"max-image-preview:large","max-video-preview":"max-video-preview:-1"},"canonical":"https:\/\/www.xn--12cai6emh0deccu8gc7djb4j5l.com\/?page_id=2681","og_locale":"th_TH","og_type":"article","og_title":"M\u00fcxt\u0259lif slot oyunlar\u0131ndan canl\u0131 dilerl\u0259r\u0259 q\u0259d\u0259r geni\u015f se\u00e7iml\u0259rl\u0259, pin up az platformas\u0131nda h\u0259m \u0259yl\u0259nm\u0259k, h\u0259m d\u0259 b\u00f6y\u00fck bonuslarla qazanmaq \u00fc\u00e7\u00fcn sonsuz imkanlar\u0131 k\u0259\u015ff edin. - \u0e23\u0e49\u0e32\u0e19\u0e17\u0e33\u0e01\u0e23\u0e2d\u0e1a\u0e25\u0e2d\u0e22\u0e23\u0e32\u0e04\u0e32\u0e16\u0e39\u0e01 \u0e23\u0e31\u0e1a\u0e2d\u0e31\u0e14\u0e20\u0e32\u0e1e \u0e1e\u0e23\u0e49\u0e2d\u0e21\u0e17\u0e33\u0e01\u0e23\u0e2d\u0e1a\u0e25\u0e2d\u0e22\u0e40\u0e04\u0e25\u0e37\u0e2d\u0e1a\u0e25\u0e32\u0e21\u0e34\u0e40\u0e19\u0e15 \u0e01\u0e23\u0e2d\u0e1a\u0e25\u0e2d\u0e22\u0e1c\u0e49\u0e32\u0e41\u0e04\u0e19\u0e27\u0e32\u0e2a \u0e01\u0e23\u0e2d\u0e1a\u0e25\u0e2d\u0e22\u0e23\u0e32\u0e04\u0e32\u0e16\u0e39\u0e01 \u0e01\u0e23\u0e2d\u0e1a\u0e23\u0e39\u0e1b\u0e41\u0e15\u0e48\u0e07\u0e07\u0e32\u0e19 \u0e01\u0e23\u0e2d\u0e1a\u0e25\u0e2d\u0e22\u0e02\u0e2d\u0e07\u0e02\u0e27\u0e31\u0e0d \u0e2a\u0e48\u0e07\u0e17\u0e31\u0e48\u0e27\u0e1b\u0e23\u0e30\u0e40\u0e17\u0e28","og_url":"https:\/\/www.xn--12cai6emh0deccu8gc7djb4j5l.com\/?page_id=2681","og_site_name":"\u0e23\u0e49\u0e32\u0e19\u0e17\u0e33\u0e01\u0e23\u0e2d\u0e1a\u0e25\u0e2d\u0e22\u0e23\u0e32\u0e04\u0e32\u0e16\u0e39\u0e01 \u0e23\u0e31\u0e1a\u0e2d\u0e31\u0e14\u0e20\u0e32\u0e1e \u0e1e\u0e23\u0e49\u0e2d\u0e21\u0e17\u0e33\u0e01\u0e23\u0e2d\u0e1a\u0e25\u0e2d\u0e22\u0e40\u0e04\u0e25\u0e37\u0e2d\u0e1a\u0e25\u0e32\u0e21\u0e34\u0e40\u0e19\u0e15 \u0e01\u0e23\u0e2d\u0e1a\u0e25\u0e2d\u0e22\u0e1c\u0e49\u0e32\u0e41\u0e04\u0e19\u0e27\u0e32\u0e2a \u0e01\u0e23\u0e2d\u0e1a\u0e25\u0e2d\u0e22\u0e23\u0e32\u0e04\u0e32\u0e16\u0e39\u0e01 \u0e01\u0e23\u0e2d\u0e1a\u0e23\u0e39\u0e1b\u0e41\u0e15\u0e48\u0e07\u0e07\u0e32\u0e19 \u0e01\u0e23\u0e2d\u0e1a\u0e25\u0e2d\u0e22\u0e02\u0e2d\u0e07\u0e02\u0e27\u0e31\u0e0d \u0e2a\u0e48\u0e07\u0e17\u0e31\u0e48\u0e27\u0e1b\u0e23\u0e30\u0e40\u0e17\u0e28","twitter_card":"summary_large_image","schema":{"@context":"https:\/\/schema.org","@graph":[{"@type":"WebPage","@id":"https:\/\/www.xn--12cai6emh0deccu8gc7djb4j5l.com\/?page_id=2681","url":"https:\/\/www.xn--12cai6emh0deccu8gc7djb4j5l.com\/?page_id=2681","name":"M\u00fcxt\u0259lif slot oyunlar\u0131ndan canl\u0131 dilerl\u0259r\u0259 q\u0259d\u0259r geni\u015f se\u00e7iml\u0259rl\u0259, pin up az platformas\u0131nda h\u0259m \u0259yl\u0259nm\u0259k, h\u0259m d\u0259 b\u00f6y\u00fck bonuslarla qazanmaq \u00fc\u00e7\u00fcn sonsuz imkanlar\u0131 k\u0259\u015ff edin. - \u0e23\u0e49\u0e32\u0e19\u0e17\u0e33\u0e01\u0e23\u0e2d\u0e1a\u0e25\u0e2d\u0e22\u0e23\u0e32\u0e04\u0e32\u0e16\u0e39\u0e01 \u0e23\u0e31\u0e1a\u0e2d\u0e31\u0e14\u0e20\u0e32\u0e1e \u0e1e\u0e23\u0e49\u0e2d\u0e21\u0e17\u0e33\u0e01\u0e23\u0e2d\u0e1a\u0e25\u0e2d\u0e22\u0e40\u0e04\u0e25\u0e37\u0e2d\u0e1a\u0e25\u0e32\u0e21\u0e34\u0e40\u0e19\u0e15 \u0e01\u0e23\u0e2d\u0e1a\u0e25\u0e2d\u0e22\u0e1c\u0e49\u0e32\u0e41\u0e04\u0e19\u0e27\u0e32\u0e2a \u0e01\u0e23\u0e2d\u0e1a\u0e25\u0e2d\u0e22\u0e23\u0e32\u0e04\u0e32\u0e16\u0e39\u0e01 \u0e01\u0e23\u0e2d\u0e1a\u0e23\u0e39\u0e1b\u0e41\u0e15\u0e48\u0e07\u0e07\u0e32\u0e19 \u0e01\u0e23\u0e2d\u0e1a\u0e25\u0e2d\u0e22\u0e02\u0e2d\u0e07\u0e02\u0e27\u0e31\u0e0d \u0e2a\u0e48\u0e07\u0e17\u0e31\u0e48\u0e27\u0e1b\u0e23\u0e30\u0e40\u0e17\u0e28","isPartOf":{"@id":"https:\/\/www.xn--12cai6emh0deccu8gc7djb4j5l.com\/#website"},"datePublished":"2026-04-08T10:46:45+00:00","breadcrumb":{"@id":"https:\/\/www.xn--12cai6emh0deccu8gc7djb4j5l.com\/?page_id=2681#breadcrumb"},"inLanguage":"th","potentialAction":[{"@type":"ReadAction","target":["https:\/\/www.xn--12cai6emh0deccu8gc7djb4j5l.com\/?page_id=2681"]}]},{"@type":"BreadcrumbList","@id":"https:\/\/www.xn--12cai6emh0deccu8gc7djb4j5l.com\/?page_id=2681#breadcrumb","itemListElement":[{"@type":"ListItem","position":1,"name":"Home","item":"https:\/\/www.xn--12cai6emh0deccu8gc7djb4j5l.com\/"},{"@type":"ListItem","position":2,"name":"M\u00fcxt\u0259lif slot oyunlar\u0131ndan canl\u0131 dilerl\u0259r\u0259 q\u0259d\u0259r geni\u015f se\u00e7iml\u0259rl\u0259, pin up az platformas\u0131nda h\u0259m \u0259yl\u0259nm\u0259k, h\u0259m d\u0259 b\u00f6y\u00fck bonuslarla qazanmaq \u00fc\u00e7\u00fcn sonsuz imkanlar\u0131 k\u0259\u015ff edin."}]},{"@type":"WebSite","@id":"https:\/\/www.xn--12cai6emh0deccu8gc7djb4j5l.com\/#website","url":"https:\/\/www.xn--12cai6emh0deccu8gc7djb4j5l.com\/","name":"\u0e23\u0e49\u0e32\u0e19\u0e17\u0e33\u0e01\u0e23\u0e2d\u0e1a\u0e25\u0e2d\u0e22\u0e23\u0e32\u0e04\u0e32\u0e16\u0e39\u0e01 \u0e23\u0e31\u0e1a\u0e2d\u0e31\u0e14\u0e20\u0e32\u0e1e \u0e1e\u0e23\u0e49\u0e2d\u0e21\u0e17\u0e33\u0e01\u0e23\u0e2d\u0e1a\u0e25\u0e2d\u0e22\u0e40\u0e04\u0e25\u0e37\u0e2d\u0e1a\u0e25\u0e32\u0e21\u0e34\u0e40\u0e19\u0e15 \u0e01\u0e23\u0e2d\u0e1a\u0e25\u0e2d\u0e22\u0e1c\u0e49\u0e32\u0e41\u0e04\u0e19\u0e27\u0e32\u0e2a \u0e01\u0e23\u0e2d\u0e1a\u0e25\u0e2d\u0e22\u0e23\u0e32\u0e04\u0e32\u0e16\u0e39\u0e01 \u0e01\u0e23\u0e2d\u0e1a\u0e23\u0e39\u0e1b\u0e41\u0e15\u0e48\u0e07\u0e07\u0e32\u0e19 \u0e01\u0e23\u0e2d\u0e1a\u0e25\u0e2d\u0e22\u0e02\u0e2d\u0e07\u0e02\u0e27\u0e31\u0e0d \u0e2a\u0e48\u0e07\u0e17\u0e31\u0e48\u0e27\u0e1b\u0e23\u0e30\u0e40\u0e17\u0e28","description":"\u0e23\u0e49\u0e32\u0e19\u0e17\u0e33\u0e01\u0e23\u0e2d\u0e1a\u0e25\u0e2d\u0e22\u0e23\u0e32\u0e04\u0e32\u0e16\u0e39\u0e01\u0e40\u0e0a\u0e35\u0e22\u0e07\u0e43\u0e2b\u0e21\u0e48  \u0e1a\u0e23\u0e34\u0e01\u0e32\u0e23\u0e2d\u0e31\u0e14\u0e20\u0e32\u0e1e\u0e17\u0e33\u0e01\u0e23\u0e2d\u0e1a\u0e25\u0e2d\u0e22 \u0e01\u0e23\u0e2d\u0e1a\u0e23\u0e39\u0e1b\u0e1c\u0e49\u0e32\u0e41\u0e04\u0e19\u0e27\u0e32\u0e2a \u0e1e\u0e34\u0e21\u0e1e\u0e4c\u0e41\u0e04\u0e19\u0e27\u0e32\u0e2a \u0e1e\u0e23\u0e49\u0e2d\u0e21\u0e2d\u0e31\u0e14\u0e20\u0e32\u0e1e \u0e17\u0e33\u0e01\u0e23\u0e2d\u0e1a\u0e23\u0e39\u0e1b \u0e41\u0e15\u0e48\u0e07\u0e07\u0e32\u0e19 \u0e02\u0e2d\u0e07\u0e02\u0e27\u0e31\u0e0d \u0e23\u0e31\u0e1a\u0e1b\u0e23\u0e34\u0e0d\u0e0d\u0e32 \u0e27\u0e31\u0e19\u0e40\u0e01\u0e34\u0e14 \u0e43\u0e2b\u0e49\u0e41\u0e1f\u0e19 \u0e27\u0e32\u0e40\u0e25\u0e19\u0e44\u0e17\u0e19\u0e4c \u0e1b\u0e35\u0e43\u0e2b\u0e21\u0e48 \u0e1e\u0e23\u0e49\u0e2d\u0e21\u0e2a\u0e48\u0e07\u0e17\u0e31\u0e48\u0e27\u0e1b\u0e23\u0e30\u0e40\u0e17\u0e28","potentialAction":[{"@type":"SearchAction","target":{"@type":"EntryPoint","urlTemplate":"https:\/\/www.xn--12cai6emh0deccu8gc7djb4j5l.com\/?s={search_term_string}"},"query-input":{"@type":"PropertyValueSpecification","valueRequired":true,"valueName":"search_term_string"}}],"inLanguage":"th"}]}},"_links":{"self":[{"href":"https:\/\/www.xn--12cai6emh0deccu8gc7djb4j5l.com\/index.php?rest_route=\/wp\/v2\/pages\/2681","targetHints":{"allow":["GET"]}}],"collection":[{"href":"https:\/\/www.xn--12cai6emh0deccu8gc7djb4j5l.com\/index.php?rest_route=\/wp\/v2\/pages"}],"about":[{"href":"https:\/\/www.xn--12cai6emh0deccu8gc7djb4j5l.com\/index.php?rest_route=\/wp\/v2\/types\/page"}],"author":[{"embeddable":true,"href":"https:\/\/www.xn--12cai6emh0deccu8gc7djb4j5l.com\/index.php?rest_route=\/wp\/v2\/users\/2"}],"replies":[{"embeddable":true,"href":"https:\/\/www.xn--12cai6emh0deccu8gc7djb4j5l.com\/index.php?rest_route=%2Fwp%2Fv2%2Fcomments&post=2681"}],"version-history":[{"count":1,"href":"https:\/\/www.xn--12cai6emh0deccu8gc7djb4j5l.com\/index.php?rest_route=\/wp\/v2\/pages\/2681\/revisions"}],"predecessor-version":[{"id":2684,"href":"https:\/\/www.xn--12cai6emh0deccu8gc7djb4j5l.com\/index.php?rest_route=\/wp\/v2\/pages\/2681\/revisions\/2684"}],"wp:attachment":[{"href":"https:\/\/www.xn--12cai6emh0deccu8gc7djb4j5l.com\/index.php?rest_route=%2Fwp%2Fv2%2Fmedia&parent=2681"}],"curies":[{"name":"wp","href":"https:\/\/api.w.org\/{rel}","templated":true}]}}